{"id":2,"date":"2025-09-04T08:37:07","date_gmt":"2025-09-04T06:37:07","guid":{"rendered":"http:\/\/domainedesamouriers.familleabeillefabre.fr\/?page_id=2"},"modified":"2025-09-30T09:10:25","modified_gmt":"2025-09-30T07:10:25","slug":"accueil","status":"publish","type":"page","link":"https:\/\/www.domainedesamouriers.fr\/en\/","title":{"rendered":"Accueil"},"content":{"rendered":"<div class=\"wpb-content-wrapper\"><div data-vc-full-width=\"true\" data-vc-full-width-temp=\"true\" data-vc-full-width-init=\"false\" data-vc-stretch-content=\"true\" class=\"vc_row wpb_row vc_row-fluid vc_row-no-padding\"><div class=\"wpb_column vc_column_container vc_col-sm-12\"><div class=\"vc_column-inner vc_custom_1756991673902\"><div class=\"wpb_wrapper\">\n\t\t\t<!-- START Slider 1 1 REVOLUTION SLIDER 6.1.5 --><p class=\"rs-p-wp-fix\"><\/p>\n\t\t\t<rs-module-wrap id=\"rev_slider_1_3_wrapper\" data-source=\"gallery\" style=\"background:transparent;padding:0;margin:0px auto;margin-top:0;margin-bottom:0;\">\n\t\t\t\t<rs-module id=\"rev_slider_1_3\" style=\"display:none;\" data-version=\"6.1.5\">\n\t\t\t\t\t<rs-slides>\n\t\t\t\t\t\t<rs-slide data-key=\"rs-1\" data-title=\"Slide\" data-anim=\"ei:d;eo:d;s:1000;r:0;t:fade;sl:0;\">\n\t\t\t\t\t\t\t<img loading=\"lazy\" decoding=\"async\" src=\"\/\/www.domainedesamouriers.fr\/wp-content\/uploads\/sites\/8\/2025\/09\/les-amouriers-slider-home.jpg\" title=\"les-amouriers-slider-home\" width=\"1280\" height=\"854\" class=\"rev-slidebg\" data-no-retina>\n<!---->\t\t\t\t\t\t<\/rs-slide>\n\t\t\t\t\t<\/rs-slides>\n\t\t\t\t\t<rs-progress class=\"rs-bottom\" style=\"visibility: hidden !important;\"><\/rs-progress>\n\t\t\t\t<\/rs-module>\n\t\t\t\t<script type=\"text\/javascript\">\n\t\t\t\t\tsetREVStartSize({c: 'rev_slider_1_3',rl:[1240,1240,1240,480],el:[900,900,900,720],gw:[1240,1240,1240,480],gh:[900,900,900,720],layout:'fullwidth',mh:\"0\"});\n\t\t\t\t\tvar\trevapi1,\n\t\t\t\t\t\ttpj;\n\t\t\t\t\tjQuery(function() {\n\t\t\t\t\t\ttpj = jQuery;\n\t\t\t\t\t\tif(tpj(\"#rev_slider_1_3\").revolution == undefined){\n\t\t\t\t\t\t\trevslider_showDoubleJqueryError(\"#rev_slider_1_3\");\n\t\t\t\t\t\t}else{\n\t\t\t\t\t\t\trevapi1 = tpj(\"#rev_slider_1_3\").show().revolution({\n\t\t\t\t\t\t\t\tsliderType:\"hero\",\n\t\t\t\t\t\t\t\tjsFileLocation:\"\/\/www.domainedesamouriers.fr\/wp-content\/plugins\/revslider\/public\/assets\/js\/\",\n\t\t\t\t\t\t\t\tsliderLayout:\"fullwidth\",\n\t\t\t\t\t\t\t\tvisibilityLevels:\"1240,1240,1240,480\",\n\t\t\t\t\t\t\t\tgridwidth:\"1240,1240,1240,480\",\n\t\t\t\t\t\t\t\tgridheight:\"900,900,900,720\",\n\t\t\t\t\t\t\t\tminHeight:\"\",\n\t\t\t\t\t\t\t\tspinner:\"spinner0\",\n\t\t\t\t\t\t\t\teditorheight:\"900,768,960,720\",\n\t\t\t\t\t\t\t\tresponsiveLevels:\"1240,1240,1240,480\",\n\t\t\t\t\t\t\t\tdisableProgressBar:\"on\",\n\t\t\t\t\t\t\t\tnavigation: {\n\t\t\t\t\t\t\t\t\tonHoverStop:false\n\t\t\t\t\t\t\t\t},\n\t\t\t\t\t\t\t\tfallbacks: {\n\t\t\t\t\t\t\t\t\tallowHTML5AutoPlayOnAndroid:true\n\t\t\t\t\t\t\t\t},\n\t\t\t\t\t\t\t});\n\t\t\t\t\t\t}\n\t\t\t\t\t\t\n\t\t\t\t\t});\n\t\t\t\t<\/script>\n\t\t\t<\/rs-module-wrap>\n\t\t\t<!-- END REVOLUTION SLIDER -->\n<\/div><\/div><\/div><\/div><div class=\"vc_row-full-width vc_clearfix\"><\/div><div class=\"vc_row wpb_row vc_row-fluid\"><div class=\"wpb_column vc_column_container vc_col-sm-12\"><div class=\"vc_column-inner\"><div class=\"wpb_wrapper\"><div class=\"vc_empty_space\"   style=\"height: 60px\"><span class=\"vc_empty_space_inner\"><\/span><\/div><\/div><\/div><\/div><\/div><div class=\"vc_row wpb_row vc_row-fluid\"><div class=\"wpb_column vc_column_container vc_col-sm-12\"><div class=\"vc_column-inner\"><div class=\"wpb_wrapper\"><h2 style=\"color: #23772a;text-align: left\" class=\"vc_custom_heading vc_do_custom_heading\" >Histoire<\/h2><div class=\"vc_row wpb_row vc_inner vc_row-fluid vc_row-o-equal-height vc_row-o-content-middle vc_row-flex\"><div class=\"wpb_column vc_column_container vc_col-sm-6\"><div class=\"vc_column-inner\"><div class=\"wpb_wrapper\">\n\t<div  class=\"wpb_single_image wpb_content_element vc_align_center wpb_content_element\">\n\t\t\n\t\t<figure class=\"wpb_wrapper vc_figure\">\n\t\t\t<div class=\"vc_single_image-wrapper   vc_box_border_grey\"><img loading=\"lazy\" decoding=\"async\" width=\"800\" height=\"534\" src=\"https:\/\/www.domainedesamouriers.fr\/wp-content\/uploads\/sites\/8\/2025\/09\/les-amouriers-2.jpg\" class=\"vc_single_image-img attachment-full\" alt=\"\" title=\"les-amouriers-2\" \/><\/div>\n\t\t<\/figure>\n\t<\/div>\n<\/div><\/div><\/div><div class=\"wpb_column vc_column_container vc_col-sm-6\"><div class=\"vc_column-inner\"><div class=\"wpb_wrapper\">\n\t<div class=\"wpb_text_column wpb_content_element\" >\n\t\t<div class=\"wpb_wrapper\">\n\t\t\t<p><strong>La langue proven\u00e7ale aussi chantante que po\u00e9tique utilise le mot \u00ab Amouriers \u00bb pour signifier m\u00fbriers.<\/strong><\/p>\n<p>Le Domaine des Amouriers situ\u00e9 \u00e0 Sarrians tire son nom des haies de m\u00fbriers qui bordaient la propri\u00e9t\u00e9. Selon la tradition de polyculture locale, les feuilles de m\u00fbriers \u00e9taient alors utilis\u00e9es pour l\u2019\u00e9levage de vers \u00e0 soie. Les premi\u00e8res vignes du domaine sont plant\u00e9es en 1928 mais la propri\u00e9t\u00e9 commence \u00e0 se d\u00e9velopper \u00e0 partir des ann\u00e9es 1950 sous l\u2019impulsion de Suzanne Hugues, qui h\u00e9rite des terres familiales, et de son mari Charles Chudzikiewicz.<\/p>\n\n\t\t<\/div>\n\t<\/div>\n<\/div><\/div><\/div><\/div><div class=\"vc_empty_space\"   style=\"height: 32px\"><span class=\"vc_empty_space_inner\"><\/span><\/div>\n\t<div class=\"wpb_text_column wpb_content_element\" >\n\t\t<div class=\"wpb_wrapper\">\n\t\t\t<p>Leur fils Jocelyn qui a d\u00fb quitter l\u2019\u00e9cole \u00e0 16 ans pour aider ses parents sur l\u2019exploitation encore en polyculture d\u00e9cide de reprendre ses \u00e9tudes. Il passe son baccalaur\u00e9at en candidat libre puis part \u00e0 Toulouse pour int\u00e9grer l\u2019Ecole d\u2019Ing\u00e9nieur en Agronomie de Purpan o\u00f9 il finira major de sa promotion avec en prime le dipl\u00f4me d\u2019\u0153nologie. A partir de la fin des ann\u00e9es 1970, il ne se consacrera qu\u2019\u00e0 la culture de la vigne.<br \/>\nFervent d\u00e9fenseur des vins terroirs, il devient membre du syndicat de l\u2019appellation et participe activement \u00e0 faire reconna\u00eetre en 1990 les terroirs de Vacqueyras comme cru de la vall\u00e9e du Rh\u00f4ne.<br \/>\nFort de son parcours acad\u00e9mique rare pour l\u2019\u00e9poque, Jocelyn recherche l\u2019am\u00e9lioration constante de la qualit\u00e9 de ses vins en se basant sur son exp\u00e9rience \u00e0 la vigne et au chai mais aussi sur son esprit d\u2019innovation. Il d\u00e9veloppe le parcellaire pour l\u2019\u00e9laboration de ses vins et cr\u00e9e une cuv\u00e9e sp\u00e9ciale \u00e0 l\u2019occasion des meilleurs mill\u00e9simes. Curieux il explore le monde et fait conna\u00eetre ses vins de l\u2019Europe \u00e0 l\u2019Asie. Sous son impulsion le Domaine des Amouriers devient une r\u00e9f\u00e9rence \u00e0 Vacqueyras.<\/p>\n\n\t\t<\/div>\n\t<\/div>\n<div class=\"vc_empty_space\"   style=\"height: 32px\"><span class=\"vc_empty_space_inner\"><\/span><\/div><div class=\"vc_row wpb_row vc_inner vc_row-fluid vc_row-o-equal-height vc_row-o-content-middle vc_row-flex\"><div class=\"wpb_column vc_column_container vc_col-sm-6\"><div class=\"vc_column-inner\"><div class=\"wpb_wrapper\">\n\t<div class=\"wpb_text_column wpb_content_element\" >\n\t\t<div class=\"wpb_wrapper\">\n\t\t\t<p>D\u00e9c\u00e9d\u00e9 tragiquement en 1997 alors que son fils Igor n\u2019a que 15 ans, ses collaborateurs historiques Patrick et Pascal Gras continuent son \u0153uvre. Igor les rejoint en 2008 apr\u00e8s une formation d\u2019\u0153nologue. Ensemble ils continuent de faire progresser le domaine et entament une transition vers la viticulture biologique. Le domaine est certifi\u00e9 depuis 2014.<br \/>\nEn 2024, la famille Chudzikiewicz souhaite passer le relais et choisit la Famille Abeille-Fabre (propri\u00e9taire du Ch\u00e2teau Mont-Redon \u00e0 Ch\u00e2teauneuf du Pape depuis 1923 et du Domaine de l\u2019Oratoire Saint-Martin \u00e0 Cairanne depuis 2020) pour assurer la continuit\u00e9 du Domaine. Notre connaissance des terroirs du domaine et notre cr\u00e9dit dans le monde de la viticulture biologique acquis par l\u2019exp\u00e9rience de la reprise de l\u2019Oratoire Saint-Martin \u00e9taient pour la famille Chudzikiewicz le gage d\u2019une transition fid\u00e8le \u00e0 la mise en valeur des terroirs du domaine.<\/p>\n\n\t\t<\/div>\n\t<\/div>\n<\/div><\/div><\/div><div class=\"wpb_column vc_column_container vc_col-sm-6\"><div class=\"vc_column-inner\"><div class=\"wpb_wrapper\">\n\t<div  class=\"wpb_single_image wpb_content_element vc_align_left wpb_content_element\">\n\t\t\n\t\t<figure class=\"wpb_wrapper vc_figure\">\n\t\t\t<div class=\"vc_single_image-wrapper   vc_box_border_grey\"><img loading=\"lazy\" decoding=\"async\" width=\"800\" height=\"533\" src=\"https:\/\/www.domainedesamouriers.fr\/wp-content\/uploads\/sites\/8\/2025\/09\/les_amouriers.jpg\" class=\"vc_single_image-img attachment-full\" alt=\"\" title=\"les_amouriers\" \/><\/div>\n\t\t<\/figure>\n\t<\/div>\n<\/div><\/div><\/div><\/div><\/div><\/div><\/div><\/div><div class=\"vc_row wpb_row vc_row-fluid\"><div class=\"wpb_column vc_column_container vc_col-sm-12\"><div class=\"vc_column-inner\"><div class=\"wpb_wrapper\"><div class=\"vc_empty_space\"   style=\"height: 30px\"><span class=\"vc_empty_space_inner\"><\/span><\/div><\/div><\/div><\/div><\/div><div class=\"vc_row wpb_row vc_row-fluid\"><div class=\"wpb_column vc_column_container vc_col-sm-12\"><div class=\"vc_column-inner\"><div class=\"wpb_wrapper\"><h2 style=\"color: #23772a;text-align: left\" class=\"vc_custom_heading vc_do_custom_heading\" >Terroir et Philosophie<\/h2>\n\t<div class=\"wpb_text_column wpb_content_element\" >\n\t\t<div class=\"wpb_wrapper\">\n\t\t\t<p><strong>Le Domaine des Amouriers est situ\u00e9 \u00e0 Sarrians sur le terroir exceptionnel de la grande terrasse des garrigues de l\u2019\u00e9tang compos\u00e9 de galets et graviers calcaires et argiles brunes. Au pied des Dentelles de Montmirail \u00e0 la beaut\u00e9 spectaculaire et au sein d\u2019un environnement paisible, le vignoble de 9 ha dont 76 ares de blanc est int\u00e9gralement cultiv\u00e9 en agriculture biologique.<\/strong><\/p>\n\n\t\t<\/div>\n\t<\/div>\n<div class=\"vc_row wpb_row vc_inner vc_row-fluid vc_row-o-equal-height vc_row-o-content-middle vc_row-flex\"><div class=\"wpb_column vc_column_container vc_col-sm-6\"><div class=\"vc_column-inner\"><div class=\"wpb_wrapper\">\n\t<div  class=\"wpb_single_image wpb_content_element vc_align_center wpb_content_element\">\n\t\t\n\t\t<figure class=\"wpb_wrapper vc_figure\">\n\t\t\t<div class=\"vc_single_image-wrapper   vc_box_border_grey\"><img loading=\"lazy\" decoding=\"async\" width=\"800\" height=\"534\" src=\"https:\/\/www.domainedesamouriers.fr\/wp-content\/uploads\/sites\/8\/2025\/09\/les-amouriers-4.jpg\" class=\"vc_single_image-img attachment-full\" alt=\"\" title=\"les-amouriers-4\" \/><\/div>\n\t\t<\/figure>\n\t<\/div>\n<\/div><\/div><\/div><div class=\"wpb_column vc_column_container vc_col-sm-6\"><div class=\"vc_column-inner\"><div class=\"wpb_wrapper\">\n\t<div class=\"wpb_text_column wpb_content_element\" >\n\t\t<div class=\"wpb_wrapper\">\n\t\t\t<p>Tout le travail s\u2019effectue \u00e0 la vigne pour obtenir le meilleur fruit possible. Nous pratiquons la taille douce respectueuse des flux de s\u00e8ve, l\u2019\u00e9bourgeonnage pour ma\u00eetriser les rendements, l\u2019effeuillage \u00e0 la main ainsi qu\u2019un travail des sols peaufin\u00e9 manuellement \u00e0 la \u00ab picole \u00bb. Les vendanges sont manuelles pour respecter les grappes et faire un tri \u00e0 la parcelle. En cave, nous laissons s\u2019exprimer les raisins et le terroir dans une approche naturelle et peu interventionniste. Les fermentations se font gr\u00e2ce aux levures indig\u00e8nes.<br \/>\nNous \u00e9laborons \u00e0 ce jour une seule cuv\u00e9e de Vacqueyras rouge \u00e0 partir des vignes les plus vieilles du domaine ainsi qu\u2019une cuv\u00e9e de Vacqueyras blanc. Nos vins sans artifice sont l\u2019expression parfaite de l\u2019\u00e9quilibre entre la profondeur et la force apport\u00e9e par le terroir et la d\u00e9licatesse et l\u2019\u00e9l\u00e9gance que nous recherchons en cave au moyen de courtes et subtiles mac\u00e9rations.<\/p>\n\n\t\t<\/div>\n\t<\/div>\n<\/div><\/div><\/div><\/div><\/div><\/div><\/div><\/div><div class=\"vc_row wpb_row vc_row-fluid\"><div class=\"wpb_column vc_column_container vc_col-sm-12\"><div class=\"vc_column-inner\"><div class=\"wpb_wrapper\"><div class=\"vc_empty_space\"   style=\"height: 30px\"><span class=\"vc_empty_space_inner\"><\/span><\/div><\/div><\/div><\/div><\/div><div class=\"vc_row wpb_row vc_row-fluid vc_row-o-equal-height vc_row-o-content-middle vc_row-flex\"><div class=\"wpb_column vc_column_container vc_col-sm-4\"><div class=\"vc_column-inner\"><div class=\"wpb_wrapper\">\n\t<div  class=\"wpb_single_image wpb_content_element vc_align_center wpb_content_element\">\n\t\t\n\t\t<figure class=\"wpb_wrapper vc_figure\">\n\t\t\t<div class=\"vc_single_image-wrapper   vc_box_border_grey\"><img loading=\"lazy\" decoding=\"async\" width=\"768\" height=\"768\" src=\"https:\/\/www.domainedesamouriers.fr\/wp-content\/uploads\/sites\/8\/2025\/09\/vacqueyras-rouge-domaine-des-amouriers.jpg\" class=\"vc_single_image-img attachment-full\" alt=\"\" title=\"vacqueyras-rouge-domaine-des-amouriers\" \/><\/div>\n\t\t<\/figure>\n\t<\/div>\n<\/div><\/div><\/div><div class=\"wpb_column vc_column_container vc_col-sm-8\"><div class=\"vc_column-inner\"><div class=\"wpb_wrapper\"><h3 style=\"color: #23772a;text-align: left\" class=\"vc_custom_heading vc_do_custom_heading\" >Vacqueyras rouge Domaine des Amouriers<\/h3>\n\t<div class=\"wpb_text_column wpb_content_element\" >\n\t\t<div class=\"wpb_wrapper\">\n\t\t\t<p>Le Vacqueyras rouge du Domaine Les Amouriers peut s&rsquo;appr\u00e9cier jeune pour sa<br \/>\ndominante de fruits noirs intenses et ses notes de garrigues. En bouche, l\u2019attaque<br \/>\nest solaire et port\u00e9e sur les fruits rouges m\u00fbrs. La d\u00e9gustation se poursuit en<br \/>\nr\u00e9v\u00e9lant des tannins fermes et nobles avec une finale \u00e9pic\u00e9e.<\/p>\n\n\t\t<\/div>\n\t<\/div>\n<style>.vc_btn3-style-gradient-custom.vc_btn-gradient-btn-69f2515797fec:hover{color: #ffffff;background-color: #23772a;border: none;background-position: 100% 0;}<\/style><style>.vc_btn3-style-gradient-custom.vc_btn-gradient-btn-69f2515797fec{color: #ffffff;border: none;background-color: #23772a;background-image: -webkit-linear-gradient(left, #23772a 0%, #23772a 50%,#23772a 100%);background-image: linear-gradient(to right, #23772a 0%, #23772a 50%,#23772a 100%);-webkit-transition: all .2s ease-in-out;transition: all .2s ease-in-out;background-size: 200% 100%;}<\/style><div class=\"vc_btn3-container vc_btn3-inline vc_do_btn\" ><a data-vc-gradient-1=\"#23772a\" data-vc-gradient-2=\"#23772a\" class=\"vc_general vc_btn3 vc_btn3-size-md vc_btn3-shape-square vc_btn3-style-gradient-custom vc_btn-gradient-btn-69f2515797fec\" href=\"\/wp-content\/uploads\/sites\/8\/2025\/09\/FT-AMOURIERS-FR-2023.pdf\" title=\"\" target=\"_blank\">Voir la fiche technique<\/a><\/div><\/div><\/div><\/div><\/div><div class=\"vc_row wpb_row vc_row-fluid vc_row-o-equal-height vc_row-o-content-middle vc_row-flex\"><div class=\"wpb_column vc_column_container vc_col-sm-4\"><div class=\"vc_column-inner\"><div class=\"wpb_wrapper\">\n\t<div  class=\"wpb_single_image wpb_content_element vc_align_center wpb_content_element\">\n\t\t\n\t\t<figure class=\"wpb_wrapper vc_figure\">\n\t\t\t<div class=\"vc_single_image-wrapper   vc_box_border_grey\"><img loading=\"lazy\" decoding=\"async\" width=\"768\" height=\"768\" src=\"https:\/\/www.domainedesamouriers.fr\/wp-content\/uploads\/sites\/8\/2025\/09\/vacqueyras-blanc-domaine-des-amouriers.jpg\" class=\"vc_single_image-img attachment-full\" alt=\"\" title=\"vacqueyras-blanc-domaine-des-amouriers\" \/><\/div>\n\t\t<\/figure>\n\t<\/div>\n<\/div><\/div><\/div><div class=\"wpb_column vc_column_container vc_col-sm-8\"><div class=\"vc_column-inner\"><div class=\"wpb_wrapper\"><h3 style=\"color: #23772a;text-align: left\" class=\"vc_custom_heading vc_do_custom_heading\" >Vacqueyras blanc Domaine des Amouriers<\/h3>\n\t<div class=\"wpb_text_column wpb_content_element\" >\n\t\t<div class=\"wpb_wrapper\">\n\t\t\t<p style=\"text-align: left;\">Notre Vacqueyras blanc peut s\u2019appr\u00e9cier d\u00e8s maintenant sur son c\u00f4t\u00e9 floral et<br \/>\nfruit\u00e9. Id\u00e9al pour accompagner un fromage de ch\u00e8vre frais, un carpaccio de<br \/>\nlangoustines ou une volaille aux morilles.<\/p>\n\n\t\t<\/div>\n\t<\/div>\n<style>.vc_btn3-style-gradient-custom.vc_btn-gradient-btn-69f25157989cc:hover{color: #ffffff;background-color: #23772a;border: none;background-position: 100% 0;}<\/style><style>.vc_btn3-style-gradient-custom.vc_btn-gradient-btn-69f25157989cc{color: #ffffff;border: none;background-color: #23772a;background-image: -webkit-linear-gradient(left, #23772a 0%, #23772a 50%,#23772a 100%);background-image: linear-gradient(to right, #23772a 0%, #23772a 50%,#23772a 100%);-webkit-transition: all .2s ease-in-out;transition: all .2s ease-in-out;background-size: 200% 100%;}<\/style><div class=\"vc_btn3-container vc_btn3-left vc_do_btn\" ><a data-vc-gradient-1=\"#23772a\" data-vc-gradient-2=\"#23772a\" class=\"vc_general vc_btn3 vc_btn3-size-md vc_btn3-shape-square vc_btn3-style-gradient-custom vc_btn-gradient-btn-69f25157989cc\" href=\"\/wp-content\/uploads\/sites\/8\/2025\/09\/FT-AMOURIERS-BL-2023-FR.pdf\" title=\"\" target=\"_blank\">Voir la fiche technique<\/a><\/div><\/div><\/div><\/div><\/div>\n<\/div>"},"excerpt":{"rendered":"Histoire La langue proven\u00e7ale aussi chantante que po\u00e9tique utilise le mot \u00ab Amouriers \u00bb pour signifier [...]","protected":false},"author":1,"featured_media":0,"parent":0,"menu_order":0,"comment_status":"closed","ping_status":"closed","template":"","meta":{"footnotes":""},"class_list":["post-2","page","type-page","status-publish","hentry"],"yoast_head":"<!-- This site is optimized with the Yoast SEO plugin v27.2 - https:\/\/yoast.com\/product\/yoast-seo-wordpress\/ -->\n<title>Vacqueyras - Domaine des Amouriers<\/title>\n<meta name=\"robots\" content=\"index, follow, max-snippet:-1, max-image-preview:large, max-video-preview:-1\" \/>\n<link rel=\"canonical\" href=\"https:\/\/www.domainedesamouriers.fr\/en\/\" \/>\n<meta property=\"og:locale\" content=\"en_GB\" \/>\n<meta property=\"og:type\" content=\"article\" \/>\n<meta property=\"og:title\" content=\"Vacqueyras - Domaine des Amouriers\" \/>\n<meta property=\"og:url\" content=\"https:\/\/www.domainedesamouriers.fr\/en\/\" \/>\n<meta property=\"og:site_name\" content=\"Domaine des Amouriers\" \/>\n<meta property=\"article:modified_time\" content=\"2025-09-30T07:10:25+00:00\" \/>\n<meta name=\"twitter:card\" content=\"summary_large_image\" \/>\n<meta name=\"twitter:label1\" content=\"Estimated reading time\" \/>\n\t<meta name=\"twitter:data1\" content=\"6 minutes\" \/>\n<!-- \/ Yoast SEO plugin. -->","yoast_head_json":{"title":"Vacqueyras - Domaine des Amouriers","robots":{"index":"index","follow":"follow","max-snippet":"max-snippet:-1","max-image-preview":"max-image-preview:large","max-video-preview":"max-video-preview:-1"},"canonical":"https:\/\/www.domainedesamouriers.fr\/en\/","og_locale":"en_GB","og_type":"article","og_title":"Vacqueyras - Domaine des Amouriers","og_url":"https:\/\/www.domainedesamouriers.fr\/en\/","og_site_name":"Domaine des Amouriers","article_modified_time":"2025-09-30T07:10:25+00:00","twitter_card":"summary_large_image","twitter_misc":{"Estimated reading time":"6 minutes"},"schema":{"@context":"https:\/\/schema.org","@graph":[{"@type":"WebPage","@id":"https:\/\/www.domainedesamouriers.fr\/","url":"https:\/\/www.domainedesamouriers.fr\/","name":"Vacqueyras - Domaine des Amouriers","isPartOf":{"@id":"https:\/\/www.domainedesamouriers.fr\/#website"},"datePublished":"2025-09-04T06:37:07+00:00","dateModified":"2025-09-30T07:10:25+00:00","breadcrumb":{"@id":"https:\/\/www.domainedesamouriers.fr\/#breadcrumb"},"inLanguage":"en-GB","potentialAction":[{"@type":"ReadAction","target":["https:\/\/www.domainedesamouriers.fr\/"]}]},{"@type":"BreadcrumbList","@id":"https:\/\/www.domainedesamouriers.fr\/#breadcrumb","itemListElement":[{"@type":"ListItem","position":1,"name":"Accueil","item":"https:\/\/www.domainedesamouriers.fr\/"},{"@type":"ListItem","position":2,"name":"Accueil"}]},{"@type":"WebSite","@id":"https:\/\/www.domainedesamouriers.fr\/#website","url":"https:\/\/www.domainedesamouriers.fr\/","name":"Domaine des Amouriers","description":"","publisher":{"@id":"https:\/\/www.domainedesamouriers.fr\/#organization"},"inLanguage":"en-GB"},{"@type":"Organization","@id":"https:\/\/www.domainedesamouriers.fr\/#organization","name":"Domaine des Amouriers","url":"https:\/\/www.domainedesamouriers.fr\/","logo":{"@type":"ImageObject","inLanguage":"en-GB","@id":"https:\/\/www.domainedesamouriers.fr\/#\/schema\/logo\/image\/","url":"https:\/\/www.domainedesamouriers.fr\/wp-content\/uploads\/sites\/8\/2025\/09\/logo-amouriers-1.jpg","contentUrl":"https:\/\/www.domainedesamouriers.fr\/wp-content\/uploads\/sites\/8\/2025\/09\/logo-amouriers-1.jpg","width":880,"height":660,"caption":"Domaine des Amouriers"},"image":{"@id":"https:\/\/www.domainedesamouriers.fr\/#\/schema\/logo\/image\/"}}]}},"_links":{"self":[{"href":"https:\/\/www.domainedesamouriers.fr\/en\/wp-json\/wp\/v2\/pages\/2","targetHints":{"allow":["GET"]}}],"collection":[{"href":"https:\/\/www.domainedesamouriers.fr\/en\/wp-json\/wp\/v2\/pages"}],"about":[{"href":"https:\/\/www.domainedesamouriers.fr\/en\/wp-json\/wp\/v2\/types\/page"}],"author":[{"embeddable":true,"href":"https:\/\/www.domainedesamouriers.fr\/en\/wp-json\/wp\/v2\/users\/1"}],"replies":[{"embeddable":true,"href":"https:\/\/www.domainedesamouriers.fr\/en\/wp-json\/wp\/v2\/comments?post=2"}],"version-history":[{"count":27,"href":"https:\/\/www.domainedesamouriers.fr\/en\/wp-json\/wp\/v2\/pages\/2\/revisions"}],"predecessor-version":[{"id":69,"href":"https:\/\/www.domainedesamouriers.fr\/en\/wp-json\/wp\/v2\/pages\/2\/revisions\/69"}],"wp:attachment":[{"href":"https:\/\/www.domainedesamouriers.fr\/en\/wp-json\/wp\/v2\/media?parent=2"}],"curies":[{"name":"wp","href":"https:\/\/api.w.org\/{rel}","templated":true}]}}